{"id":7108,"date":"2025-05-15T10:56:39","date_gmt":"2025-05-15T10:56:39","guid":{"rendered":"https:\/\/carboncomplete.com\/?page_id=7108"},"modified":"2025-05-15T11:08:41","modified_gmt":"2025-05-15T11:08:41","slug":"declaracao-de-politica-de-privacidade-treinamento-cbam-l","status":"publish","type":"page","link":"https:\/\/carboncomplete.com\/pt\/privacy-policy-statement-cbam-training-l\/","title":{"rendered":"Declara\u00e7\u00e3o de Pol\u00edtica de Privacidade - CBAM Training L"},"content":{"rendered":"<div data-elementor-type=\"wp-page\" data-elementor-id=\"7108\" class=\"elementor elementor-7108\">\n\t\t\t\t<div class=\"elementor-element elementor-element-677e7fb e-flex e-con-boxed e-con e-parent\" data-id=\"677e7fb\" data-element_type=\"container\" data-e-type=\"container\" data-settings=\"{&quot;background_background&quot;:&quot;classic&quot;}\">\n\t\t\t\t\t<div class=\"e-con-inner\">\n\t\t\t\t<div class=\"elementor-element elementor-element-129fb91 elementor-widget elementor-widget-heading\" data-id=\"129fb91\" data-element_type=\"widget\" data-e-type=\"widget\" data-widget_type=\"heading.default\">\n\t\t\t\t<div class=\"elementor-widget-container\">\n\t\t\t\t\t<h1 class=\"elementor-heading-title elementor-size-default\">treinamento cbam<\/h1>\t\t\t\t<\/div>\n\t\t\t\t<\/div>\n\t\t\t\t<div class=\"elementor-element elementor-element-35dccaf elementor-widget elementor-widget-heading\" data-id=\"35dccaf\" data-element_type=\"widget\" data-e-type=\"widget\" data-widget_type=\"heading.default\">\n\t\t\t\t<div class=\"elementor-widget-container\">\n\t\t\t\t\t<h3 class=\"elementor-heading-title elementor-size-default\">Solicite uma cota\u00e7\u00e3o para op\u00e7\u00f5es de treinamento alternativas do nosso treinamento sobre o Mecanismo de Ajuste de Fronteiras de Carbono (CBAM).<\/h3>\t\t\t\t<\/div>\n\t\t\t\t<\/div>\n\t\t\t\t<div class=\"elementor-element elementor-element-bf1b8b6 fluentform-widget-submit-button-custom elementor-widget elementor-widget-fluent-form-widget\" data-id=\"bf1b8b6\" data-element_type=\"widget\" data-e-type=\"widget\" data-widget_type=\"fluent-form-widget.default\">\n\t\t\t\t<div class=\"elementor-widget-container\">\n\t\t\t\t\t\n            <div class=\"fluentform-widget-wrapper fluentform-widget-align-default\">\n\n            \n            <div class='fluentform ff-default fluentform_wrapper_9 ffs_default_wrap'><form data-form_id=\"9\" id=\"fluentform_9\" class=\"frm-fluent-form fluent_form_9 ff-el-form-top ff_form_instance_9_1 ff-form-loading ffs_default\" data-form_instance=\"ff_form_instance_9_1\" method=\"POST\" action=\"\" ><fieldset  style=\"border: none!important;margin: 0!important;padding: 0!important;background-color: transparent!important;box-shadow: none!important;outline: none!important; min-inline-size: 100%;\">\n                    <legend class=\"ff_screen_reader_title\" style=\"display: block; margin: 0!important;padding: 0!important;height: 0!important;text-indent: -999999px;width: 0!important;overflow:hidden;\">Solicitar or\u00e7amento - Treinamento CBAM (L)<\/legend><p style=\"display: none !important;\" class=\"akismet-fields-container\" data-prefix=\"ak_\"><label>\u0394<textarea name=\"ak_hp_textarea\" cols=\"45\" rows=\"8\" maxlength=\"100\"><\/textarea><\/label><input type=\"hidden\" id=\"ak_js_1\" name=\"ak_js\" value=\"210\"\/><script>\ndocument.getElementById( \"ak_js_1\" ).setAttribute( \"value\", ( new Date() ).getTime() );\n<\/script>\n<\/p><input type='hidden' name='__fluent_form_embded_post_id' value='7108' \/><input type=\"hidden\" id=\"_fluentform_9_fluentformnonce\" name=\"_fluentform_9_fluentformnonce\" value=\"3b124c828f\" \/><input type=\"hidden\" name=\"_wp_http_referer\" value=\"\/pt\/wp-json\/wp\/v2\/pages\/7108\" \/><div class='ff-el-group'><div class=\"ff-el-input--label ff-el-is-required asterisk-right\"><label for='ff_9_input_text' id='label_ff_9_input_text' aria-label=\"Nome\">Nome<\/label><\/div><div class='ff-el-input--content'><input type=\"text\" name=\"input_text\" class=\"ff-el-form-control\" data-name=\"input_text\" id=\"ff_9_input_text\"  aria-invalid=\"false\" aria-required=\"true\"><\/div><\/div><div class='ff-el-group'><div class=\"ff-el-input--label ff-el-is-required asterisk-right\"><label for='ff_9_email' id='label_ff_9_email' aria-label=\"E-mail\">E-mail<\/label><\/div><div class='ff-el-input--content'><input type=\"email\" name=\"email\" id=\"ff_9_email\" class=\"ff-el-form-control\" data-name=\"email\"  aria-invalid=\"false\" aria-required=\"true\"><\/div><\/div><div class='ff-el-group'><div class=\"ff-el-input--label asterisk-right\"><label for='ff_9_numeric_field' id='label_ff_9_numeric_field' aria-label=\"N\u00famero de telefone\">N\u00famero de telefone<\/label><\/div><div class='ff-el-input--content'><input type=\"number\" name=\"numeric_field\" id=\"ff_9_numeric_field\" class=\"ff-el-form-control\" data-name=\"numeric_field\" inputmode=\"numeric\" step=\"any\"  aria-invalid=\"false\" aria-required=\"false\"><\/div><\/div><div class='ff-el-group'><div class=\"ff-el-input--label asterisk-right\"><label for='ff_9_multi_select' id='label_ff_9_multi_select' aria-label=\"Op\u00e7\u00e3o de treinamento\">Op\u00e7\u00e3o de treinamento<\/label><\/div><div class='ff-el-input--content'><select name=\"multi_select[]\" id=\"ff_9_multi_select\" class=\"ff-el-form-control  ff_has_multi_select\" multiple=\"1\" data-name=\"multi_select\" data-calc_value=\"0\"  aria-invalid=\"false\" aria-required=\"false\" aria-labelledby=\"label_ff_9_multi_select\"><option value=\"Half day training\"  >Treinamento de meio dia<\/option><option value=\"In person training\"  >Treinamento presencial<\/option><option value=\"Other\"  >Outros<\/option><\/select><\/div><\/div><div class='ff-el-group'><div class=\"ff-el-input--label asterisk-right\"><label for='ff_9_description' id='label_ff_9_description' aria-label=\"Outras consultas\">Outras consultas<\/label><\/div><div class='ff-el-input--content'><textarea aria-required=\"false\" aria-labelledby=\"label_ff_9_description\" name=\"description\" id=\"ff_9_description\" class=\"ff-el-form-control\" rows=\"3\" cols=\"2\" data-name=\"description\" ><\/textarea><\/div><\/div><div class='ff-el-group ff-text-center ff_submit_btn_wrapper'><button type=\"submit\" class=\"ff-btn ff-btn-submit ff-btn-lg ff_btn_style wpf_has_custom_css\"  aria-label=\"SOLICITAR OR\u00c7AMENTO\">SOLICITAR OR\u00c7AMENTO<\/button><\/div><\/fieldset><input type=\"hidden\" name=\"trp-form-language\" value=\"pt\"\/><\/form><div id='fluentform_9_errors' class='ff-errors-in-stack ff_form_instance_9_1 ff-form-loading_errors ff_form_instance_9_1_errors'><\/div><\/div>            <script type=\"text\/javascript\">\n                window.fluent_form_ff_form_instance_9_1 = {\"id\":\"9\",\"ajaxUrl\":\"https:\\\/\\\/carboncomplete.com\\\/wp-admin\\\/admin-ajax.php\",\"settings\":{\"layout\":{\"labelPlacement\":\"top\",\"helpMessagePlacement\":\"with_label\",\"errorMessagePlacement\":\"inline\"},\"restrictions\":{\"denyEmptySubmission\":{\"enabled\":false}}},\"form_instance\":\"ff_form_instance_9_1\",\"form_id_selector\":\"fluentform_9\",\"rules\":{\"input_text\":{\"required\":{\"value\":true,\"message\":\"This field is required\",\"global\":true,\"global_message\":\"This field is required\"}},\"email\":{\"required\":{\"value\":true,\"message\":\"This field is required\",\"global\":true,\"global_message\":\"This field is required\"},\"email\":{\"value\":true,\"message\":\"This field must contain a valid email\",\"global\":true,\"global_message\":\"This field must contain a valid email\"}},\"numeric_field\":{\"required\":{\"value\":false,\"message\":\"This field is required\",\"global_message\":\"This field is required\",\"global\":true},\"numeric\":{\"value\":true,\"message\":\"This field must contain numeric value\",\"global_message\":\"This field must contain numeric value\",\"global\":true},\"min\":{\"value\":\"\",\"message\":\"Validation fails for minimum value\",\"global_message\":\"Validation fails for minimum value\",\"global\":true},\"max\":{\"value\":\"\",\"message\":\"Validation fails for maximum value\",\"global_message\":\"Validation fails for maximum value\",\"global\":true},\"digits\":{\"value\":\"\",\"message\":\"Validation fails for limited digits\",\"global_message\":\"Validation fails for limited digits\",\"global\":true}},\"multi_select\":{\"required\":{\"value\":false,\"message\":\"This field is required\",\"global_message\":\"This field is required\",\"global\":true}},\"description\":{\"required\":{\"value\":false,\"message\":\"This field is required\",\"global\":true,\"global_message\":\"This field is required\"}}},\"debounce_time\":300};\n                            <\/script>\n                        <\/div>\n\n            \t\t\t\t<\/div>\n\t\t\t\t<\/div>\n\t\t\t\t<div class=\"elementor-element elementor-element-5fd2a0a elementor-widget elementor-widget-text-editor\" data-id=\"5fd2a0a\" data-element_type=\"widget\" data-e-type=\"widget\" data-widget_type=\"text-editor.default\">\n\t\t\t\t<div class=\"elementor-widget-container\">\n\t\t\t\t\t\t\t\t\t<p>Declara\u00e7\u00e3o de pol\u00edtica de privacidade: Na Carbon Complete, coletamos e usamos suas informa\u00e7\u00f5es para responder \u00e0s suas perguntas, fornecer atualiza\u00e7\u00f5es do treinamento CBAM e aprimorar nossos servi\u00e7os. N\u00e3o vendemos seus dados. Voc\u00ea pode solicitar o acesso ou a exclus\u00e3o de seus dados a qualquer momento entrando em contato com info@carboncomplete.com<\/p>\t\t\t\t\t\t\t\t<\/div>\n\t\t\t\t<\/div>\n\t\t\t\t\t<\/div>\n\t\t\t\t<\/div>\n\t\t\t\t<\/div>","protected":false},"excerpt":{"rendered":"<p>cbam training Request a quote for alternative training options of our Carbon Border Adjustment Mechanism (CBAM) Training. Request quote &#8211; CBAM Training (L) &#916; NameEmailPhone NumberTraining OptionHalf day trainingIn person trainingOtherOther QueriesREQUEST QUOTE Privacy Policy Statement: At Carbon Complete, we collect and use your information to respond to your enquiry, provide CBAM training updates, and [&hellip;]<\/p>\n","protected":false},"author":1,"featured_media":0,"parent":0,"menu_order":0,"comment_status":"closed","ping_status":"closed","template":"","meta":{"_monsterinsights_skip_tracking":false,"_monsterinsights_sitenote_active":false,"_monsterinsights_sitenote_note":"","_monsterinsights_sitenote_category":0,"site-sidebar-layout":"no-sidebar","site-content-layout":"page-builder","ast-site-content-layout":"full-width-container","site-content-style":"default","site-sidebar-style":"default","ast-global-header-display":"","ast-banner-title-visibility":"","ast-main-header-display":"","ast-hfb-above-header-display":"","ast-hfb-below-header-display":"","ast-hfb-mobile-header-display":"","site-post-title":"disabled","ast-breadcrumbs-content":"","ast-featured-img":"disabled","footer-sml-layout":"","ast-disable-related-posts":"","theme-transparent-header-meta":"","adv-header-id-meta":"","stick-header-meta":"","header-above-stick-meta":"","header-main-stick-meta":"","header-below-stick-meta":"","astra-migrate-meta-layouts":"set","ast-page-background-enabled":"default","ast-page-background-meta":{"desktop":{"background-color":"","background-image":"","background-repeat":"repeat","background-position":"center center","background-size":"auto","background-attachment":"scroll","background-type":"","background-media":"","overlay-type":"","overlay-color":"","overlay-opacity":"","overlay-gradient":""},"tablet":{"background-color":"","background-image":"","background-repeat":"repeat","background-position":"center center","background-size":"auto","background-attachment":"scroll","background-type":"","background-media":"","overlay-type":"","overlay-color":"","overlay-opacity":"","overlay-gradient":""},"mobile":{"background-color":"","background-image":"","background-repeat":"repeat","background-position":"center center","background-size":"auto","background-attachment":"scroll","background-type":"","background-media":"","overlay-type":"","overlay-color":"","overlay-opacity":"","overlay-gradient":""}},"ast-content-background-meta":{"desktop":{"background-color":"var(--ast-global-color-5)","background-image":"","background-repeat":"repeat","background-position":"center center","background-size":"auto","background-attachment":"scroll","background-type":"","background-media":"","overlay-type":"","overlay-color":"","overlay-opacity":"","overlay-gradient":""},"tablet":{"background-color":"var(--ast-global-color-5)","background-image":"","background-repeat":"repeat","background-position":"center center","background-size":"auto","background-attachment":"scroll","background-type":"","background-media":"","overlay-type":"","overlay-color":"","overlay-opacity":"","overlay-gradient":""},"mobile":{"background-color":"var(--ast-global-color-5)","background-image":"","background-repeat":"repeat","background-position":"center center","background-size":"auto","background-attachment":"scroll","background-type":"","background-media":"","overlay-type":"","overlay-color":"","overlay-opacity":"","overlay-gradient":""}},"footnotes":""},"class_list":["post-7108","page","type-page","status-publish","hentry"],"yoast_head":"<!-- This site is optimized with the Yoast SEO plugin v27.5 - https:\/\/yoast.com\/product\/yoast-seo-wordpress\/ -->\n<title>Privacy Policy Statement - CBAM Training L | Carbon Complete<\/title>\n<meta name=\"description\" content=\"Request a detailed quote to learn more about the alternative CBAM Training options and our Privacy Policy Statement\" \/>\n<meta name=\"robots\" content=\"noindex, nofollow\" \/>\n<meta property=\"og:locale\" content=\"pt_BR\" \/>\n<meta property=\"og:type\" content=\"article\" \/>\n<meta property=\"og:title\" content=\"Privacy Policy Statement - CBAM Training L | Carbon Complete\" \/>\n<meta property=\"og:description\" content=\"Request a detailed quote to learn more about the alternative CBAM Training options and our Privacy Policy Statement\" \/>\n<meta property=\"og:url\" content=\"https:\/\/carboncomplete.com\/pt\/declaracao-de-politica-de-privacidade-treinamento-cbam-l\/\" \/>\n<meta property=\"og:site_name\" content=\"Carbon Complete\" \/>\n<meta property=\"article:modified_time\" content=\"2025-05-15T11:08:41+00:00\" \/>\n<meta name=\"twitter:card\" content=\"summary_large_image\" \/>\n<meta name=\"twitter:label1\" content=\"Est. tempo de leitura\" \/>\n\t<meta name=\"twitter:data1\" content=\"1 minuto\" \/>\n<script type=\"application\/ld+json\" class=\"yoast-schema-graph\">{\"@context\":\"https:\\\/\\\/schema.org\",\"@graph\":[{\"@type\":\"WebPage\",\"@id\":\"https:\\\/\\\/carboncomplete.com\\\/privacy-policy-statement-cbam-training-l\\\/\",\"url\":\"https:\\\/\\\/carboncomplete.com\\\/privacy-policy-statement-cbam-training-l\\\/\",\"name\":\"Privacy Policy Statement - CBAM Training L | Carbon Complete\",\"isPartOf\":{\"@id\":\"https:\\\/\\\/carboncomplete.com\\\/#website\"},\"datePublished\":\"2025-05-15T10:56:39+00:00\",\"dateModified\":\"2025-05-15T11:08:41+00:00\",\"description\":\"Request a detailed quote to learn more about the alternative CBAM Training options and our Privacy Policy Statement\",\"breadcrumb\":{\"@id\":\"https:\\\/\\\/carboncomplete.com\\\/privacy-policy-statement-cbam-training-l\\\/#breadcrumb\"},\"inLanguage\":\"pt-BR\",\"potentialAction\":[{\"@type\":\"ReadAction\",\"target\":[\"https:\\\/\\\/carboncomplete.com\\\/privacy-policy-statement-cbam-training-l\\\/\"]}]},{\"@type\":\"BreadcrumbList\",\"@id\":\"https:\\\/\\\/carboncomplete.com\\\/privacy-policy-statement-cbam-training-l\\\/#breadcrumb\",\"itemListElement\":[{\"@type\":\"ListItem\",\"position\":1,\"name\":\"Home\",\"item\":\"https:\\\/\\\/carboncomplete.com\\\/\"},{\"@type\":\"ListItem\",\"position\":2,\"name\":\"Privacy Policy Statement &#8211; CBAM Training L\"}]},{\"@type\":\"WebSite\",\"@id\":\"https:\\\/\\\/carboncomplete.com\\\/#website\",\"url\":\"https:\\\/\\\/carboncomplete.com\\\/\",\"name\":\"Carbon Complete\",\"description\":\"CBAM Reporting, Consultancy, and Sustainability Solutions.\",\"publisher\":{\"@id\":\"https:\\\/\\\/carboncomplete.com\\\/#organization\"},\"potentialAction\":[{\"@type\":\"SearchAction\",\"target\":{\"@type\":\"EntryPoint\",\"urlTemplate\":\"https:\\\/\\\/carboncomplete.com\\\/?s={search_term_string}\"},\"query-input\":{\"@type\":\"PropertyValueSpecification\",\"valueRequired\":true,\"valueName\":\"search_term_string\"}}],\"inLanguage\":\"pt-BR\"},{\"@type\":\"Organization\",\"@id\":\"https:\\\/\\\/carboncomplete.com\\\/#organization\",\"name\":\"Carbon Complete\",\"url\":\"https:\\\/\\\/carboncomplete.com\\\/\",\"logo\":{\"@type\":\"ImageObject\",\"inLanguage\":\"pt-BR\",\"@id\":\"https:\\\/\\\/carboncomplete.com\\\/#\\\/schema\\\/logo\\\/image\\\/\",\"url\":\"https:\\\/\\\/carboncomplete.com\\\/wp-content\\\/uploads\\\/2020\\\/02\\\/Asset_23logo-removebg-preview.png\",\"contentUrl\":\"https:\\\/\\\/carboncomplete.com\\\/wp-content\\\/uploads\\\/2020\\\/02\\\/Asset_23logo-removebg-preview.png\",\"width\":495,\"height\":504,\"caption\":\"Carbon Complete\"},\"image\":{\"@id\":\"https:\\\/\\\/carboncomplete.com\\\/#\\\/schema\\\/logo\\\/image\\\/\"}}]}<\/script>\n<!-- \/ Yoast SEO plugin. -->","yoast_head_json":{"title":"Declara\u00e7\u00e3o de Pol\u00edtica de Privacidade - CBAM Training L | Carbon Complete","description":"Solicite uma cota\u00e7\u00e3o detalhada para saber mais sobre as op\u00e7\u00f5es alternativas de Treinamento CBAM e nossa Declara\u00e7\u00e3o de Pol\u00edtica de Privacidade","robots":{"index":"noindex","follow":"nofollow"},"og_locale":"pt_BR","og_type":"article","og_title":"Privacy Policy Statement - CBAM Training L | Carbon Complete","og_description":"Request a detailed quote to learn more about the alternative CBAM Training options and our Privacy Policy Statement","og_url":"https:\/\/carboncomplete.com\/pt\/declaracao-de-politica-de-privacidade-treinamento-cbam-l\/","og_site_name":"Carbon Complete","article_modified_time":"2025-05-15T11:08:41+00:00","twitter_card":"summary_large_image","twitter_misc":{"Est. tempo de leitura":"1 minuto"},"schema":{"@context":"https:\/\/schema.org","@graph":[{"@type":"WebPage","@id":"https:\/\/carboncomplete.com\/privacy-policy-statement-cbam-training-l\/","url":"https:\/\/carboncomplete.com\/privacy-policy-statement-cbam-training-l\/","name":"Declara\u00e7\u00e3o de Pol\u00edtica de Privacidade - CBAM Training L | Carbon Complete","isPartOf":{"@id":"https:\/\/carboncomplete.com\/#website"},"datePublished":"2025-05-15T10:56:39+00:00","dateModified":"2025-05-15T11:08:41+00:00","description":"Solicite uma cota\u00e7\u00e3o detalhada para saber mais sobre as op\u00e7\u00f5es alternativas de Treinamento CBAM e nossa Declara\u00e7\u00e3o de Pol\u00edtica de Privacidade","breadcrumb":{"@id":"https:\/\/carboncomplete.com\/privacy-policy-statement-cbam-training-l\/#breadcrumb"},"inLanguage":"pt-BR","potentialAction":[{"@type":"ReadAction","target":["https:\/\/carboncomplete.com\/privacy-policy-statement-cbam-training-l\/"]}]},{"@type":"BreadcrumbList","@id":"https:\/\/carboncomplete.com\/privacy-policy-statement-cbam-training-l\/#breadcrumb","itemListElement":[{"@type":"ListItem","position":1,"name":"Home","item":"https:\/\/carboncomplete.com\/"},{"@type":"ListItem","position":2,"name":"Privacy Policy Statement &#8211; CBAM Training L"}]},{"@type":"WebSite","@id":"https:\/\/carboncomplete.com\/#website","url":"https:\/\/carboncomplete.com\/","name":"Carbono Completo","description":"CBAM Reporting, Consultoria e Solu\u00e7\u00f5es de Sustentabilidade.","publisher":{"@id":"https:\/\/carboncomplete.com\/#organization"},"potentialAction":[{"@type":"SearchAction","target":{"@type":"EntryPoint","urlTemplate":"https:\/\/carboncomplete.com\/?s={search_term_string}"},"query-input":{"@type":"PropertyValueSpecification","valueRequired":true,"valueName":"search_term_string"}}],"inLanguage":"pt-BR"},{"@type":"Organization","@id":"https:\/\/carboncomplete.com\/#organization","name":"Carbono Completo","url":"https:\/\/carboncomplete.com\/","logo":{"@type":"ImageObject","inLanguage":"pt-BR","@id":"https:\/\/carboncomplete.com\/#\/schema\/logo\/image\/","url":"https:\/\/carboncomplete.com\/wp-content\/uploads\/2020\/02\/Asset_23logo-removebg-preview.png","contentUrl":"https:\/\/carboncomplete.com\/wp-content\/uploads\/2020\/02\/Asset_23logo-removebg-preview.png","width":495,"height":504,"caption":"Carbon Complete"},"image":{"@id":"https:\/\/carboncomplete.com\/#\/schema\/logo\/image\/"}}]}},"jetpack_sharing_enabled":true,"_links":{"self":[{"href":"https:\/\/carboncomplete.com\/pt\/wp-json\/wp\/v2\/pages\/7108","targetHints":{"allow":["GET"]}}],"collection":[{"href":"https:\/\/carboncomplete.com\/pt\/wp-json\/wp\/v2\/pages"}],"about":[{"href":"https:\/\/carboncomplete.com\/pt\/wp-json\/wp\/v2\/types\/page"}],"author":[{"embeddable":true,"href":"https:\/\/carboncomplete.com\/pt\/wp-json\/wp\/v2\/users\/1"}],"replies":[{"embeddable":true,"href":"https:\/\/carboncomplete.com\/pt\/wp-json\/wp\/v2\/comments?post=7108"}],"version-history":[{"count":5,"href":"https:\/\/carboncomplete.com\/pt\/wp-json\/wp\/v2\/pages\/7108\/revisions"}],"predecessor-version":[{"id":7113,"href":"https:\/\/carboncomplete.com\/pt\/wp-json\/wp\/v2\/pages\/7108\/revisions\/7113"}],"wp:attachment":[{"href":"https:\/\/carboncomplete.com\/pt\/wp-json\/wp\/v2\/media?parent=7108"}],"curies":[{"name":"wp","href":"https:\/\/api.w.org\/{rel}","templated":true}]}}