{"id":6301,"date":"2025-01-16T21:42:48","date_gmt":"2025-01-16T21:42:48","guid":{"rendered":"https:\/\/carboncomplete.com\/?page_id=6301"},"modified":"2025-11-13T10:52:36","modified_gmt":"2025-11-13T10:52:36","slug":"apoio-de-subsidios-do-reino-unido","status":"publish","type":"page","link":"https:\/\/carboncomplete.com\/pt\/uk-grant-support\/","title":{"rendered":"Suporte de subs\u00eddios do Reino Unido"},"content":{"rendered":"\t\t<div data-elementor-type=\"wp-page\" data-elementor-id=\"6301\" class=\"elementor elementor-6301\">\n\t\t\t\t<div class=\"elementor-element elementor-element-bab83be e-flex e-con-boxed e-con e-parent\" data-id=\"bab83be\" data-element_type=\"container\" data-e-type=\"container\" data-settings=\"{&quot;background_background&quot;:&quot;classic&quot;}\">\n\t\t\t\t\t<div class=\"e-con-inner\">\n\t\t<div class=\"elementor-element elementor-element-2490c10 e-con-full e-flex e-con e-child\" data-id=\"2490c10\" data-element_type=\"container\" data-e-type=\"container\">\n\t\t\t\t<\/div>\n\t\t<div class=\"elementor-element elementor-element-5a43258 e-con-full e-flex e-con e-child\" data-id=\"5a43258\" data-element_type=\"container\" data-e-type=\"container\">\n\t\t\t\t<div class=\"elementor-element elementor-element-595987f elementor-widget__width-initial elementor-widget elementor-widget-heading\" data-id=\"595987f\" data-element_type=\"widget\" data-e-type=\"widget\" data-widget_type=\"heading.default\">\n\t\t\t\t<div class=\"elementor-widget-container\">\n\t\t\t\t\t<h1 class=\"elementor-heading-title elementor-size-default\">UK Sustainability grants support <\/h1>\t\t\t\t<\/div>\n\t\t\t\t<\/div>\n\t\t\t\t<div class=\"elementor-element elementor-element-8f92d5b elementor-widget elementor-widget-text-editor\" data-id=\"8f92d5b\" data-element_type=\"widget\" data-e-type=\"widget\" data-widget_type=\"text-editor.default\">\n\t\t\t\t<div class=\"elementor-widget-container\">\n\t\t\t\t\t\t\t\t\t<p>Thank you for checking out our website! If you\u2019re interested in how we can help your business or if you have a specific request, please use the form below to reach out. You can also contact us directly with the details provided.<\/p>\t\t\t\t\t\t\t\t<\/div>\n\t\t\t\t<\/div>\n\t\t\t\t<\/div>\n\t\t<div class=\"elementor-element elementor-element-a08635b e-con-full e-flex e-con e-child\" data-id=\"a08635b\" data-element_type=\"container\" data-e-type=\"container\">\n\t\t\t\t<\/div>\n\t\t\t\t\t<\/div>\n\t\t\t\t<\/div>\n\t\t<div class=\"elementor-element elementor-element-d72dc00 e-flex e-con-boxed e-con e-parent\" data-id=\"d72dc00\" data-element_type=\"container\" data-e-type=\"container\" data-settings=\"{&quot;background_background&quot;:&quot;classic&quot;}\">\n\t\t\t\t\t<div class=\"e-con-inner\">\n\t\t<div class=\"elementor-element elementor-element-94c9b1e e-con-full e-flex e-con e-child\" data-id=\"94c9b1e\" data-element_type=\"container\" data-e-type=\"container\">\n\t\t\t\t<\/div>\n\t\t<div class=\"elementor-element elementor-element-951f51a e-con-full e-flex e-con e-child\" data-id=\"951f51a\" data-element_type=\"container\" data-e-type=\"container\" data-settings=\"{&quot;background_background&quot;:&quot;classic&quot;}\">\n\t\t\t\t<div class=\"elementor-element elementor-element-b1361bb elementor-widget elementor-widget-heading\" data-id=\"b1361bb\" data-element_type=\"widget\" data-e-type=\"widget\" data-widget_type=\"heading.default\">\n\t\t\t\t<div class=\"elementor-widget-container\">\n\t\t\t\t\t<h3 class=\"elementor-heading-title elementor-size-default\">Contact us<\/h3>\t\t\t\t<\/div>\n\t\t\t\t<\/div>\n\t\t\t\t<div class=\"elementor-element elementor-element-d1a1388 fluentform-widget-submit-button-custom elementor-widget elementor-widget-fluent-form-widget\" data-id=\"d1a1388\" data-element_type=\"widget\" data-e-type=\"widget\" data-widget_type=\"fluent-form-widget.default\">\n\t\t\t\t<div class=\"elementor-widget-container\">\n\t\t\t\t\t\n            <div class=\"fluentform-widget-wrapper fluentform-widget-align-center\">\n\n            \n            <div class='fluentform ff-default fluentform_wrapper_8 ffs_default_wrap'><form data-form_id=\"8\" id=\"fluentform_8\" class=\"frm-fluent-form fluent_form_8 ff-el-form-top ff_form_instance_8_1 ff-form-loading ffs_default\" data-form_instance=\"ff_form_instance_8_1\" method=\"POST\" ><fieldset  style=\"border: none!important;margin: 0!important;padding: 0!important;background-color: transparent!important;box-shadow: none!important;outline: none!important; min-inline-size: 100%;\">\n                    <legend class=\"ff_screen_reader_title\" style=\"display: block; margin: 0!important;padding: 0!important;height: 0!important;text-indent: -999999px;width: 0!important;overflow:hidden;\">UK Sustainability Grants Support<\/legend><p style=\"display: none !important;\" class=\"akismet-fields-container\" data-prefix=\"ak_\"><label>&#916;<textarea name=\"ak_hp_textarea\" cols=\"45\" rows=\"8\" maxlength=\"100\"><\/textarea><\/label><input type=\"hidden\" id=\"ak_js_1\" name=\"ak_js\" value=\"116\"\/><script>document.getElementById( \"ak_js_1\" ).setAttribute( \"value\", ( new Date() ).getTime() );<\/script><\/p><input type='hidden' name='__fluent_form_embded_post_id' value='6301' \/><input type=\"hidden\" id=\"_fluentform_8_fluentformnonce\" name=\"_fluentform_8_fluentformnonce\" value=\"0c0f5f11f3\" \/><input type=\"hidden\" name=\"_wp_http_referer\" value=\"\/pt\/wp-json\/wp\/v2\/pages\/6301\" \/><div data-type=\"name-element\" data-name=\"names\" class=\" ff-field_container ff-name-field-wrapper\" ><div class='ff-t-container'><div class='ff-t-cell '><div class='ff-el-group'><div class=\"ff-el-input--label ff-el-is-required asterisk-right\"><label for='ff_8_names_first_name_' id='label_ff_8_names_first_name_' >Full Name<\/label><\/div><div class='ff-el-input--content'><input type=\"text\" name=\"names[first_name]\" id=\"ff_8_names_first_name_\" class=\"ff-el-form-control\" aria-invalid=\"false\" aria-required=true><\/div><\/div><\/div><\/div><\/div><div data-type=\"name-element\" data-name=\"names_1\" class=\" ff-field_container ff-name-field-wrapper\" ><div class='ff-t-container'><div class='ff-t-cell '><div class='ff-el-group ff-el-form-top'><div class=\"ff-el-input--label ff-el-is-required asterisk-right\"><label for='ff_8_names_1_first_name_' id='label_ff_8_names_1_first_name_' >Company Name<\/label><\/div><div class='ff-el-input--content'><input type=\"text\" name=\"names_1[first_name]\" id=\"ff_8_names_1_first_name_\" class=\"ff-el-form-control\" aria-invalid=\"false\" aria-required=true><\/div><\/div><\/div><\/div><\/div><div class='ff-el-group'><div class=\"ff-el-input--label ff-el-is-required asterisk-right\"><label for='ff_8_email' id='label_ff_8_email' aria-label=\"Email\">Email<\/label><\/div><div class='ff-el-input--content'><input type=\"email\" name=\"email\" id=\"ff_8_email\" class=\"ff-el-form-control\" data-name=\"email\"  aria-invalid=\"false\" aria-required=true><\/div><\/div><div class='ff-el-group'><div class=\"ff-el-input--label asterisk-right\"><label for='ff_8_numeric_field' id='label_ff_8_numeric_field' aria-label=\"Phone number\">Phone number<\/label><\/div><div class='ff-el-input--content'><input type=\"number\" name=\"numeric_field\" id=\"ff_8_numeric_field\" class=\"ff-el-form-control\" data-name=\"numeric_field\" inputmode=\"numeric\" step=\"any\"  aria-invalid=\"false\" aria-required=false><\/div><\/div><div class='ff-el-group'><div class=\"ff-el-input--label asterisk-right\"><label for='ff_8_multi_select' id='label_ff_8_multi_select' aria-label=\"Which sustainability grant is your business interested in exploring?\">Which sustainability grant is your business interested in exploring?<\/label><\/div><div class='ff-el-input--content'><select name=\"multi_select[]\" id=\"ff_8_multi_select\" class=\"ff-el-form-control  ff_has_multi_select\" multiple=\"1\" data-name=\"multi_select\" data-calc_value=\"0\"  aria-invalid=\"false\" aria-required=\"false\" aria-labelledby=\"label_ff_8_multi_select\"><option value=\"  Mode Shift Revenue Support (MSRS)\"  >Mode Shift Revenue Support (MSRS)<\/option><option value=\"Woodland Creation Planning Grant (WCPG)\"  >Woodland Creation Planning Grant (WCPG)<\/option><option value=\"England Woodland Creation Offer (EWCO)\"  >England Woodland Creation Offer (EWCO)<\/option><option value=\"Woodland Partnership (Forestry England)\"  >Woodland Partnership (Forestry England)<\/option><option value=\"Electric Vehicle Infrastructure Grant for Staff and Fleets\"  >Electric Vehicle Infrastructure Grant for Staff and Fleets<\/option><option value=\"Electric Vehicle Charge Point and Infrastructure Grants for Landlords\"  >Electric Vehicle Charge Point and Infrastructure Grants for Landlords<\/option><option value=\"Workplace Charging Scheme\"  >Workplace Charging Scheme<\/option><option value=\"Apply for Funding for Community Projects\"  >Apply for Funding for Community Projects<\/option><option value=\"Fisheries and Seafood Scheme (FaSS)\"  >Fisheries and Seafood Scheme (FaSS)<\/option><option value=\"Boiler Upgrade Scheme (BUS)\"  >Boiler Upgrade Scheme (BUS)<\/option><option value=\"Tree Health Pilot (THP)\"  >Tree Health Pilot (THP)<\/option><option value=\"Business Support for Scotland\"  >Business Support for Scotland<\/option><option value=\"National Highways Lorry Parking Facilities Improvements Scheme\"  >National Highways Lorry Parking Facilities Improvements Scheme<\/option><option value=\"Automotive Transformation Fund (ATF)\"  >Automotive Transformation Fund (ATF)<\/option><option value=\"Plug-in Van and Truck Grant\"  >Plug-in Van and Truck Grant<\/option><option value=\"Bus Service Operators Grant (BSOG)\"  >Bus Service Operators Grant (BSOG)<\/option><option value=\"Workplace Charging Scheme for State-Funded Education Institutions\"  >Workplace Charging Scheme for State-Funded Education Institutions<\/option><option value=\"3D Nanoscale Metamaterials Hub for a Sustainable Future\"  >3D Nanoscale Metamaterials Hub for a Sustainable Future<\/option><option value=\"Life Sciences Innovative Manufacturing Fund (LSIMF)\"  >Life Sciences Innovative Manufacturing Fund (LSIMF)<\/option><option value=\"India-UK Collaborative R&amp;D for Industrial Sustainability (Round 2)\"  >India-UK Collaborative R&D for Industrial Sustainability (Round 2)<\/option><\/select><\/div><\/div><div class='ff-el-group'><div class=\"ff-el-input--label asterisk-right\"><label for='ff_8_description' id='label_ff_8_description' aria-label=\"Your Enquiry\">Your Enquiry<\/label><\/div><div class='ff-el-input--content'><textarea aria-required=\"false\" aria-labelledby=\"label_ff_8_description\" name=\"description\" id=\"ff_8_description\" class=\"ff-el-form-control\" rows=\"4\" cols=\"2\" data-name=\"description\" ><\/textarea><\/div><\/div><div class='ff-el-group ff-text-center ff_submit_btn_wrapper'><button type=\"submit\" class=\"ff-btn ff-btn-submit ff-btn-lg ff_btn_style wpf_has_custom_css\"  aria-label=\"Submit\">Submit <\/button><\/div><\/fieldset><\/form><div id='fluentform_8_errors' class='ff-errors-in-stack ff_form_instance_8_1 ff-form-loading_errors ff_form_instance_8_1_errors'><\/div><\/div>            <script type=\"text\/javascript\">\n                window.fluent_form_ff_form_instance_8_1 = {\"id\":\"8\",\"settings\":{\"layout\":{\"labelPlacement\":\"top\",\"helpMessagePlacement\":\"with_label\",\"errorMessagePlacement\":\"inline\"},\"restrictions\":{\"denyEmptySubmission\":{\"enabled\":false}}},\"form_instance\":\"ff_form_instance_8_1\",\"form_id_selector\":\"fluentform_8\",\"rules\":{\"names[first_name]\":{\"required\":{\"value\":true,\"message\":\"This field is required\",\"global\":true,\"global_message\":\"This field is required\"}},\"names[middle_name]\":{\"required\":{\"value\":false,\"message\":\"This field is required\",\"global\":true,\"global_message\":\"This field is required\"}},\"names[last_name]\":{\"required\":{\"value\":false,\"message\":\"This field is required\",\"global\":true,\"global_message\":\"This field is required\"}},\"names_1[first_name]\":{\"required\":{\"value\":true,\"message\":\"This field is required\",\"global_message\":\"This field is required\",\"global\":true}},\"names_1[middle_name]\":{\"required\":{\"value\":false,\"message\":\"This field is required\",\"global_message\":\"This field is required\",\"global\":true}},\"names_1[last_name]\":{\"required\":{\"value\":false,\"message\":\"This field is required\",\"global_message\":\"This field is required\",\"global\":true}},\"email\":{\"required\":{\"value\":true,\"message\":\"This field is required\",\"global\":true,\"global_message\":\"This field is required\"},\"email\":{\"value\":true,\"message\":\"This field must contain a valid email\",\"global\":true,\"global_message\":\"This field must contain a valid email\"}},\"numeric_field\":{\"required\":{\"value\":false,\"message\":\"This field is required\",\"global_message\":\"This field is required\",\"global\":true},\"numeric\":{\"value\":true,\"message\":\"This field must contain numeric value\",\"global_message\":\"This field must contain numeric value\",\"global\":true},\"min\":{\"value\":\"\",\"message\":\"Validation fails for minimum value\",\"global_message\":\"Validation fails for minimum value\",\"global\":true},\"max\":{\"value\":\"\",\"message\":\"Validation fails for maximum value\",\"global_message\":\"Validation fails for maximum value\",\"global\":true},\"digits\":{\"value\":\"\",\"message\":\"Validation fails for limited digits\",\"global_message\":\"Validation fails for limited digits\",\"global\":true}},\"multi_select\":{\"required\":{\"value\":false,\"message\":\"This field is required\",\"global_message\":\"This field is required\",\"global\":true}},\"description\":{\"required\":{\"value\":false,\"message\":\"This field is required\",\"global\":true,\"global_message\":\"This field is required\"}}},\"debounce_time\":300};\n                            <\/script>\n                        <\/div>\n\n            \t\t\t\t<\/div>\n\t\t\t\t<\/div>\n\t\t\t\t<\/div>\n\t\t<div class=\"elementor-element elementor-element-634f503 e-con-full e-flex e-con e-child\" data-id=\"634f503\" data-element_type=\"container\" data-e-type=\"container\">\n\t\t\t\t<\/div>\n\t\t\t\t\t<\/div>\n\t\t\t\t<\/div>\n\t\t\t\t<\/div>\n\t\t","protected":false},"excerpt":{"rendered":"<p>UK Sustainability grants support Thank you for checking out our website! If you\u2019re interested in how we can help your business or if you have a specific request, please use the form below to reach out. You can also contact us directly with the details provided. Contact us UK Sustainability Grants Support &#916; Full NameCompany [&hellip;]<\/p>\n","protected":false},"author":1,"featured_media":0,"parent":0,"menu_order":0,"comment_status":"closed","ping_status":"closed","template":"","meta":{"_monsterinsights_skip_tracking":false,"_monsterinsights_sitenote_active":false,"_monsterinsights_sitenote_note":"","_monsterinsights_sitenote_category":0,"site-sidebar-layout":"no-sidebar","site-content-layout":"page-builder","ast-site-content-layout":"full-width-container","site-content-style":"default","site-sidebar-style":"default","ast-global-header-display":"","ast-banner-title-visibility":"","ast-main-header-display":"","ast-hfb-above-header-display":"","ast-hfb-below-header-display":"","ast-hfb-mobile-header-display":"","site-post-title":"disabled","ast-breadcrumbs-content":"","ast-featured-img":"disabled","footer-sml-layout":"","ast-disable-related-posts":"","theme-transparent-header-meta":"","adv-header-id-meta":"","stick-header-meta":"","header-above-stick-meta":"","header-main-stick-meta":"","header-below-stick-meta":"","astra-migrate-meta-layouts":"set","ast-page-background-enabled":"default","ast-page-background-meta":{"desktop":{"background-color":"","background-image":"","background-repeat":"repeat","background-position":"center center","background-size":"auto","background-attachment":"scroll","background-type":"","background-media":"","overlay-type":"","overlay-color":"","overlay-opacity":"","overlay-gradient":""},"tablet":{"background-color":"","background-image":"","background-repeat":"repeat","background-position":"center center","background-size":"auto","background-attachment":"scroll","background-type":"","background-media":"","overlay-type":"","overlay-color":"","overlay-opacity":"","overlay-gradient":""},"mobile":{"background-color":"","background-image":"","background-repeat":"repeat","background-position":"center center","background-size":"auto","background-attachment":"scroll","background-type":"","background-media":"","overlay-type":"","overlay-color":"","overlay-opacity":"","overlay-gradient":""}},"ast-content-background-meta":{"desktop":{"background-color":"var(--ast-global-color-5)","background-image":"","background-repeat":"repeat","background-position":"center center","background-size":"auto","background-attachment":"scroll","background-type":"","background-media":"","overlay-type":"","overlay-color":"","overlay-opacity":"","overlay-gradient":""},"tablet":{"background-color":"var(--ast-global-color-5)","background-image":"","background-repeat":"repeat","background-position":"center center","background-size":"auto","background-attachment":"scroll","background-type":"","background-media":"","overlay-type":"","overlay-color":"","overlay-opacity":"","overlay-gradient":""},"mobile":{"background-color":"var(--ast-global-color-5)","background-image":"","background-repeat":"repeat","background-position":"center center","background-size":"auto","background-attachment":"scroll","background-type":"","background-media":"","overlay-type":"","overlay-color":"","overlay-opacity":"","overlay-gradient":""}},"footnotes":""},"class_list":["post-6301","page","type-page","status-publish","hentry"],"yoast_head":"<!-- This site is optimized with the Yoast SEO plugin v27.4 - https:\/\/yoast.com\/product\/yoast-seo-wordpress\/ -->\n<title>UK Grant Support - Carbon Complete<\/title>\n<meta name=\"description\" content=\"Contact Carbon Complete for expert grant support and funding solutions to drive your sustainability projects in the UK forward.\" \/>\n<meta name=\"robots\" content=\"index, follow, max-snippet:-1, max-image-preview:large, max-video-preview:-1\" \/>\n<link rel=\"canonical\" href=\"https:\/\/carboncomplete.com\/pt\/apoio-de-subsidios-do-reino-unido\/\" \/>\n<meta property=\"og:locale\" content=\"pt_BR\" \/>\n<meta property=\"og:type\" content=\"article\" \/>\n<meta property=\"og:title\" content=\"UK Grant Support - Carbon Complete\" \/>\n<meta property=\"og:description\" content=\"Contact Carbon Complete for expert grant support and funding solutions to drive your sustainability projects in the UK forward.\" \/>\n<meta property=\"og:url\" content=\"https:\/\/carboncomplete.com\/pt\/apoio-de-subsidios-do-reino-unido\/\" \/>\n<meta property=\"og:site_name\" content=\"Carbon Complete\" \/>\n<meta property=\"article:modified_time\" content=\"2025-11-13T10:52:36+00:00\" \/>\n<meta name=\"twitter:card\" content=\"summary_large_image\" \/>\n<meta name=\"twitter:label1\" content=\"Est. tempo de leitura\" \/>\n\t<meta name=\"twitter:data1\" content=\"1 minuto\" \/>\n<script type=\"application\/ld+json\" class=\"yoast-schema-graph\">{\"@context\":\"https:\\\/\\\/schema.org\",\"@graph\":[{\"@type\":\"WebPage\",\"@id\":\"https:\\\/\\\/carboncomplete.com\\\/uk-grant-support\\\/\",\"url\":\"https:\\\/\\\/carboncomplete.com\\\/uk-grant-support\\\/\",\"name\":\"UK Grant Support - Carbon Complete\",\"isPartOf\":{\"@id\":\"https:\\\/\\\/carboncomplete.com\\\/#website\"},\"datePublished\":\"2025-01-16T21:42:48+00:00\",\"dateModified\":\"2025-11-13T10:52:36+00:00\",\"description\":\"Contact Carbon Complete for expert grant support and funding solutions to drive your sustainability projects in the UK forward.\",\"breadcrumb\":{\"@id\":\"https:\\\/\\\/carboncomplete.com\\\/uk-grant-support\\\/#breadcrumb\"},\"inLanguage\":\"pt-BR\",\"potentialAction\":[{\"@type\":\"ReadAction\",\"target\":[\"https:\\\/\\\/carboncomplete.com\\\/uk-grant-support\\\/\"]}]},{\"@type\":\"BreadcrumbList\",\"@id\":\"https:\\\/\\\/carboncomplete.com\\\/uk-grant-support\\\/#breadcrumb\",\"itemListElement\":[{\"@type\":\"ListItem\",\"position\":1,\"name\":\"Home\",\"item\":\"https:\\\/\\\/carboncomplete.com\\\/\"},{\"@type\":\"ListItem\",\"position\":2,\"name\":\"UK grant support\"}]},{\"@type\":\"WebSite\",\"@id\":\"https:\\\/\\\/carboncomplete.com\\\/#website\",\"url\":\"https:\\\/\\\/carboncomplete.com\\\/\",\"name\":\"Carbon Complete\",\"description\":\"CBAM Reporting, Consultancy, and Sustainability Solutions.\",\"publisher\":{\"@id\":\"https:\\\/\\\/carboncomplete.com\\\/#organization\"},\"potentialAction\":[{\"@type\":\"SearchAction\",\"target\":{\"@type\":\"EntryPoint\",\"urlTemplate\":\"https:\\\/\\\/carboncomplete.com\\\/?s={search_term_string}\"},\"query-input\":{\"@type\":\"PropertyValueSpecification\",\"valueRequired\":true,\"valueName\":\"search_term_string\"}}],\"inLanguage\":\"pt-BR\"},{\"@type\":\"Organization\",\"@id\":\"https:\\\/\\\/carboncomplete.com\\\/#organization\",\"name\":\"Carbon Complete\",\"url\":\"https:\\\/\\\/carboncomplete.com\\\/\",\"logo\":{\"@type\":\"ImageObject\",\"inLanguage\":\"pt-BR\",\"@id\":\"https:\\\/\\\/carboncomplete.com\\\/#\\\/schema\\\/logo\\\/image\\\/\",\"url\":\"https:\\\/\\\/carboncomplete.com\\\/wp-content\\\/uploads\\\/2020\\\/02\\\/Asset_23logo-removebg-preview.png\",\"contentUrl\":\"https:\\\/\\\/carboncomplete.com\\\/wp-content\\\/uploads\\\/2020\\\/02\\\/Asset_23logo-removebg-preview.png\",\"width\":495,\"height\":504,\"caption\":\"Carbon Complete\"},\"image\":{\"@id\":\"https:\\\/\\\/carboncomplete.com\\\/#\\\/schema\\\/logo\\\/image\\\/\"}}]}<\/script>\n<!-- \/ Yoast SEO plugin. -->","yoast_head_json":{"title":"Suporte de subs\u00eddios do Reino Unido - Carbon Complete","description":"Entre em contato com a Carbon Complete para obter suporte especializado em subs\u00eddios e solu\u00e7\u00f5es de financiamento para impulsionar seus projetos de sustentabilidade no Reino Unido.","robots":{"index":"index","follow":"follow","max-snippet":"max-snippet:-1","max-image-preview":"max-image-preview:large","max-video-preview":"max-video-preview:-1"},"canonical":"https:\/\/carboncomplete.com\/pt\/apoio-de-subsidios-do-reino-unido\/","og_locale":"pt_BR","og_type":"article","og_title":"UK Grant Support - Carbon Complete","og_description":"Contact Carbon Complete for expert grant support and funding solutions to drive your sustainability projects in the UK forward.","og_url":"https:\/\/carboncomplete.com\/pt\/apoio-de-subsidios-do-reino-unido\/","og_site_name":"Carbon Complete","article_modified_time":"2025-11-13T10:52:36+00:00","twitter_card":"summary_large_image","twitter_misc":{"Est. tempo de leitura":"1 minuto"},"schema":{"@context":"https:\/\/schema.org","@graph":[{"@type":"WebPage","@id":"https:\/\/carboncomplete.com\/uk-grant-support\/","url":"https:\/\/carboncomplete.com\/uk-grant-support\/","name":"Suporte de subs\u00eddios do Reino Unido - Carbon Complete","isPartOf":{"@id":"https:\/\/carboncomplete.com\/#website"},"datePublished":"2025-01-16T21:42:48+00:00","dateModified":"2025-11-13T10:52:36+00:00","description":"Entre em contato com a Carbon Complete para obter suporte especializado em subs\u00eddios e solu\u00e7\u00f5es de financiamento para impulsionar seus projetos de sustentabilidade no Reino Unido.","breadcrumb":{"@id":"https:\/\/carboncomplete.com\/uk-grant-support\/#breadcrumb"},"inLanguage":"pt-BR","potentialAction":[{"@type":"ReadAction","target":["https:\/\/carboncomplete.com\/uk-grant-support\/"]}]},{"@type":"BreadcrumbList","@id":"https:\/\/carboncomplete.com\/uk-grant-support\/#breadcrumb","itemListElement":[{"@type":"ListItem","position":1,"name":"Home","item":"https:\/\/carboncomplete.com\/"},{"@type":"ListItem","position":2,"name":"UK grant support"}]},{"@type":"WebSite","@id":"https:\/\/carboncomplete.com\/#website","url":"https:\/\/carboncomplete.com\/","name":"Carbono Completo","description":"CBAM Reporting, Consultoria e Solu\u00e7\u00f5es de Sustentabilidade.","publisher":{"@id":"https:\/\/carboncomplete.com\/#organization"},"potentialAction":[{"@type":"SearchAction","target":{"@type":"EntryPoint","urlTemplate":"https:\/\/carboncomplete.com\/?s={search_term_string}"},"query-input":{"@type":"PropertyValueSpecification","valueRequired":true,"valueName":"search_term_string"}}],"inLanguage":"pt-BR"},{"@type":"Organization","@id":"https:\/\/carboncomplete.com\/#organization","name":"Carbono Completo","url":"https:\/\/carboncomplete.com\/","logo":{"@type":"ImageObject","inLanguage":"pt-BR","@id":"https:\/\/carboncomplete.com\/#\/schema\/logo\/image\/","url":"https:\/\/carboncomplete.com\/wp-content\/uploads\/2020\/02\/Asset_23logo-removebg-preview.png","contentUrl":"https:\/\/carboncomplete.com\/wp-content\/uploads\/2020\/02\/Asset_23logo-removebg-preview.png","width":495,"height":504,"caption":"Carbon Complete"},"image":{"@id":"https:\/\/carboncomplete.com\/#\/schema\/logo\/image\/"}}]}},"jetpack_sharing_enabled":true,"_links":{"self":[{"href":"https:\/\/carboncomplete.com\/pt\/wp-json\/wp\/v2\/pages\/6301","targetHints":{"allow":["GET"]}}],"collection":[{"href":"https:\/\/carboncomplete.com\/pt\/wp-json\/wp\/v2\/pages"}],"about":[{"href":"https:\/\/carboncomplete.com\/pt\/wp-json\/wp\/v2\/types\/page"}],"author":[{"embeddable":true,"href":"https:\/\/carboncomplete.com\/pt\/wp-json\/wp\/v2\/users\/1"}],"replies":[{"embeddable":true,"href":"https:\/\/carboncomplete.com\/pt\/wp-json\/wp\/v2\/comments?post=6301"}],"version-history":[{"count":19,"href":"https:\/\/carboncomplete.com\/pt\/wp-json\/wp\/v2\/pages\/6301\/revisions"}],"predecessor-version":[{"id":7909,"href":"https:\/\/carboncomplete.com\/pt\/wp-json\/wp\/v2\/pages\/6301\/revisions\/7909"}],"wp:attachment":[{"href":"https:\/\/carboncomplete.com\/pt\/wp-json\/wp\/v2\/media?parent=6301"}],"curies":[{"name":"wp","href":"https:\/\/api.w.org\/{rel}","templated":true}]}}