{"id":5771,"date":"2024-09-26T12:40:51","date_gmt":"2024-09-26T12:40:51","guid":{"rendered":"https:\/\/carboncomplete.com\/?page_id=5771"},"modified":"2025-10-28T12:44:29","modified_gmt":"2025-10-28T12:44:29","slug":"demander-un-devis-formation-cbam","status":"publish","type":"page","link":"https:\/\/carboncomplete.com\/fr\/request-a-quote-cbam-training\/","title":{"rendered":"Demande de devis - Formation CBAM"},"content":{"rendered":"<div data-elementor-type=\"wp-page\" data-elementor-id=\"5771\" class=\"elementor elementor-5771\">\n\t\t\t\t<div class=\"elementor-element elementor-element-677e7fb e-flex e-con-boxed e-con e-parent\" data-id=\"677e7fb\" data-element_type=\"container\" data-e-type=\"container\" data-settings=\"{&quot;background_background&quot;:&quot;classic&quot;}\">\n\t\t\t\t\t<div class=\"e-con-inner\">\n\t\t\t\t<div class=\"elementor-element elementor-element-129fb91 elementor-widget elementor-widget-heading\" data-id=\"129fb91\" data-element_type=\"widget\" data-e-type=\"widget\" data-widget_type=\"heading.default\">\n\t\t\t\t<div class=\"elementor-widget-container\">\n\t\t\t\t\t<h1 class=\"elementor-heading-title elementor-size-default\">formation cbam<\/h1>\t\t\t\t<\/div>\n\t\t\t\t<\/div>\n\t\t\t\t<div class=\"elementor-element elementor-element-35dccaf elementor-widget elementor-widget-heading\" data-id=\"35dccaf\" data-element_type=\"widget\" data-e-type=\"widget\" data-widget_type=\"heading.default\">\n\t\t\t\t<div class=\"elementor-widget-container\">\n\t\t\t\t\t<h3 class=\"elementor-heading-title elementor-size-default\">Demandez un devis pour des options de formation alternatives \u00e0 notre formation sur le M\u00e9canisme d'ajustement \u00e0 la fronti\u00e8re pour le carbone (CBAM).<\/h3>\t\t\t\t<\/div>\n\t\t\t\t<\/div>\n\t\t\t\t<div class=\"elementor-element elementor-element-bf1b8b6 fluentform-widget-submit-button-custom elementor-widget elementor-widget-fluent-form-widget\" data-id=\"bf1b8b6\" data-element_type=\"widget\" data-e-type=\"widget\" data-widget_type=\"fluent-form-widget.default\">\n\t\t\t\t<div class=\"elementor-widget-container\">\n\t\t\t\t\t\n            <div class=\"fluentform-widget-wrapper fluentform-widget-align-default\">\n\n            \n            <div class='fluentform ff-default fluentform_wrapper_5 ffs_default_wrap'><form data-form_id=\"5\" id=\"fluentform_5\" class=\"frm-fluent-form fluent_form_5 ff-el-form-top ff_form_instance_5_1 ff-form-loading ffs_default\" data-form_instance=\"ff_form_instance_5_1\" method=\"POST\" action=\"\" ><fieldset  style=\"border: none!important;margin: 0!important;padding: 0!important;background-color: transparent!important;box-shadow: none!important;outline: none!important; min-inline-size: 100%;\">\n                    <legend class=\"ff_screen_reader_title\" style=\"display: block; margin: 0!important;padding: 0!important;height: 0!important;text-indent: -999999px;width: 0!important;overflow:hidden;\">Demande de devis - CBAM Training<\/legend><p style=\"display: none !important;\" class=\"akismet-fields-container\" data-prefix=\"ak_\"><label>\u0394<textarea name=\"ak_hp_textarea\" cols=\"45\" rows=\"8\" maxlength=\"100\"><\/textarea><\/label><input type=\"hidden\" id=\"ak_js_1\" name=\"ak_js\" value=\"107\"\/><script>\ndocument.getElementById( \"ak_js_1\" ).setAttribute( \"value\", ( new Date() ).getTime() );\n<\/script>\n<\/p><input type='hidden' name='__fluent_form_embded_post_id' value='5771' \/><input type=\"hidden\" id=\"_fluentform_5_fluentformnonce\" name=\"_fluentform_5_fluentformnonce\" value=\"e49becfba6\" \/><input type=\"hidden\" name=\"_wp_http_referer\" value=\"\/fr\/wp-json\/wp\/v2\/pages\/5771\" \/><div class='ff-el-group'><div class=\"ff-el-input--label ff-el-is-required asterisk-right\"><label for='ff_5_input_text' id='label_ff_5_input_text' aria-label=\"Nom\">Nom<\/label><\/div><div class='ff-el-input--content'><input type=\"text\" name=\"input_text\" class=\"ff-el-form-control\" data-name=\"input_text\" id=\"ff_5_input_text\"  aria-invalid=\"false\" aria-required=\"true\"><\/div><\/div><div class='ff-el-group'><div class=\"ff-el-input--label ff-el-is-required asterisk-right\"><label for='ff_5_email' id='label_ff_5_email' aria-label=\"Courriel\">Courriel<\/label><\/div><div class='ff-el-input--content'><input type=\"email\" name=\"email\" id=\"ff_5_email\" class=\"ff-el-form-control\" data-name=\"email\"  aria-invalid=\"false\" aria-required=\"true\"><\/div><\/div><div class='ff-el-group'><div class=\"ff-el-input--label asterisk-right\"><label for='ff_5_numeric_field' id='label_ff_5_numeric_field' aria-label=\"Num\u00e9ro de t\u00e9l\u00e9phone\">Num\u00e9ro de t\u00e9l\u00e9phone<\/label><\/div><div class='ff-el-input--content'><input type=\"number\" name=\"numeric_field\" id=\"ff_5_numeric_field\" class=\"ff-el-form-control\" data-name=\"numeric_field\" inputmode=\"numeric\" step=\"any\"  aria-invalid=\"false\" aria-required=\"false\"><\/div><\/div><div class='ff-el-group'><div class=\"ff-el-input--label asterisk-right\"><label for='ff_5_multi_select' id='label_ff_5_multi_select' aria-label=\"Option de formation\">Option de formation<\/label><\/div><div class='ff-el-input--content'><select name=\"multi_select[]\" id=\"ff_5_multi_select\" class=\"ff-el-form-control  ff_has_multi_select\" multiple=\"1\" data-name=\"multi_select\" data-calc_value=\"0\"  aria-invalid=\"false\" aria-required=\"false\" aria-labelledby=\"label_ff_5_multi_select\"><option value=\"Half day training\"  >Formation d'une demi-journ\u00e9e<\/option><option value=\"In person training\"  >Formation en personne<\/option><option value=\"Other\"  >Autres<\/option><\/select><\/div><\/div><div class='ff-el-group'><div class=\"ff-el-input--label asterisk-right\"><label for='ff_5_description' id='label_ff_5_description' aria-label=\"Autres questions\">Autres questions<\/label><\/div><div class='ff-el-input--content'><textarea aria-required=\"false\" aria-labelledby=\"label_ff_5_description\" name=\"description\" id=\"ff_5_description\" class=\"ff-el-form-control\" rows=\"3\" cols=\"2\" data-name=\"description\" ><\/textarea><\/div><\/div><div class='ff-el-group ff-text-center ff_submit_btn_wrapper'><button type=\"submit\" class=\"ff-btn ff-btn-submit ff-btn-lg ff_btn_style wpf_has_custom_css\"  aria-label=\"DEMANDE DE DEVIS\">DEMANDE DE DEVIS<\/button><\/div><\/fieldset><input type=\"hidden\" name=\"trp-form-language\" value=\"fr\"\/><\/form><div id='fluentform_5_errors' class='ff-errors-in-stack ff_form_instance_5_1 ff-form-loading_errors ff_form_instance_5_1_errors'><\/div><\/div>            <script type=\"text\/javascript\">\n                window.fluent_form_ff_form_instance_5_1 = {\"id\":\"5\",\"ajaxUrl\":\"https:\\\/\\\/carboncomplete.com\\\/wp-admin\\\/admin-ajax.php\",\"settings\":{\"layout\":{\"labelPlacement\":\"top\",\"helpMessagePlacement\":\"with_label\",\"errorMessagePlacement\":\"inline\"},\"restrictions\":{\"denyEmptySubmission\":{\"enabled\":false}}},\"form_instance\":\"ff_form_instance_5_1\",\"form_id_selector\":\"fluentform_5\",\"rules\":{\"input_text\":{\"required\":{\"value\":true,\"message\":\"This field is required\",\"global\":true,\"global_message\":\"This field is required\"}},\"email\":{\"required\":{\"value\":true,\"message\":\"This field is required\",\"global\":true,\"global_message\":\"This field is required\"},\"email\":{\"value\":true,\"message\":\"This field must contain a valid email\",\"global\":true,\"global_message\":\"This field must contain a valid email\"}},\"numeric_field\":{\"required\":{\"value\":false,\"message\":\"This field is required\",\"global_message\":\"This field is required\",\"global\":true},\"numeric\":{\"value\":true,\"message\":\"This field must contain numeric value\",\"global_message\":\"This field must contain numeric value\",\"global\":true},\"min\":{\"value\":\"\",\"message\":\"Validation fails for minimum value\",\"global_message\":\"Validation fails for minimum value\",\"global\":true},\"max\":{\"value\":\"\",\"message\":\"Validation fails for maximum value\",\"global_message\":\"Validation fails for maximum value\",\"global\":true},\"digits\":{\"value\":\"\",\"message\":\"Validation fails for limited digits\",\"global_message\":\"Validation fails for limited digits\",\"global\":true}},\"multi_select\":{\"required\":{\"value\":false,\"message\":\"This field is required\",\"global_message\":\"This field is required\",\"global\":true}},\"description\":{\"required\":{\"value\":false,\"message\":\"This field is required\",\"global\":true,\"global_message\":\"This field is required\"}}},\"debounce_time\":300};\n                            <\/script>\n                        <\/div>\n\n            \t\t\t\t<\/div>\n\t\t\t\t<\/div>\n\t\t\t\t\t<\/div>\n\t\t\t\t<\/div>\n\t\t\t\t<\/div>","protected":false},"excerpt":{"rendered":"<p>Formation cbam Demander un devis pour des options de formation alternatives \u00e0 notre formation sur le M\u00e9canisme d'Ajustement Carbone-Fronti\u00e8re (CBAM). Demande de devis - Formation CBAM \u0394 NomEmailNum\u00e9ro de t\u00e9l\u00e9phoneOption de formationFormation d'une demi-journ\u00e9eFormation en personneAutres questionsDemande de devis<\/p>","protected":false},"author":1,"featured_media":0,"parent":0,"menu_order":0,"comment_status":"closed","ping_status":"closed","template":"","meta":{"_monsterinsights_skip_tracking":false,"_monsterinsights_sitenote_active":false,"_monsterinsights_sitenote_note":"","_monsterinsights_sitenote_category":0,"site-sidebar-layout":"no-sidebar","site-content-layout":"page-builder","ast-site-content-layout":"full-width-container","site-content-style":"default","site-sidebar-style":"default","ast-global-header-display":"","ast-banner-title-visibility":"","ast-main-header-display":"","ast-hfb-above-header-display":"","ast-hfb-below-header-display":"","ast-hfb-mobile-header-display":"","site-post-title":"disabled","ast-breadcrumbs-content":"","ast-featured-img":"disabled","footer-sml-layout":"","ast-disable-related-posts":"","theme-transparent-header-meta":"","adv-header-id-meta":"","stick-header-meta":"","header-above-stick-meta":"","header-main-stick-meta":"","header-below-stick-meta":"","astra-migrate-meta-layouts":"set","ast-page-background-enabled":"default","ast-page-background-meta":{"desktop":{"background-color":"","background-image":"","background-repeat":"repeat","background-position":"center center","background-size":"auto","background-attachment":"scroll","background-type":"","background-media":"","overlay-type":"","overlay-color":"","overlay-opacity":"","overlay-gradient":""},"tablet":{"background-color":"","background-image":"","background-repeat":"repeat","background-position":"center center","background-size":"auto","background-attachment":"scroll","background-type":"","background-media":"","overlay-type":"","overlay-color":"","overlay-opacity":"","overlay-gradient":""},"mobile":{"background-color":"","background-image":"","background-repeat":"repeat","background-position":"center center","background-size":"auto","background-attachment":"scroll","background-type":"","background-media":"","overlay-type":"","overlay-color":"","overlay-opacity":"","overlay-gradient":""}},"ast-content-background-meta":{"desktop":{"background-color":"var(--ast-global-color-5)","background-image":"","background-repeat":"repeat","background-position":"center center","background-size":"auto","background-attachment":"scroll","background-type":"","background-media":"","overlay-type":"","overlay-color":"","overlay-opacity":"","overlay-gradient":""},"tablet":{"background-color":"var(--ast-global-color-5)","background-image":"","background-repeat":"repeat","background-position":"center center","background-size":"auto","background-attachment":"scroll","background-type":"","background-media":"","overlay-type":"","overlay-color":"","overlay-opacity":"","overlay-gradient":""},"mobile":{"background-color":"var(--ast-global-color-5)","background-image":"","background-repeat":"repeat","background-position":"center center","background-size":"auto","background-attachment":"scroll","background-type":"","background-media":"","overlay-type":"","overlay-color":"","overlay-opacity":"","overlay-gradient":""}},"footnotes":""},"class_list":["post-5771","page","type-page","status-publish","hentry"],"yoast_head":"<!-- This site is optimized with the Yoast SEO plugin v27.4 - https:\/\/yoast.com\/product\/yoast-seo-wordpress\/ -->\n<title>Request a Quote - CBAM Training | Carbon Complete<\/title>\n<meta name=\"description\" content=\"Request a quote for alternative training options of our Carbon Border Adjustment Mechanism (CBAM) Training.\" \/>\n<meta name=\"robots\" content=\"index, follow, max-snippet:-1, max-image-preview:large, max-video-preview:-1\" \/>\n<link rel=\"canonical\" href=\"https:\/\/carboncomplete.com\/fr\/demander-un-devis-formation-cbam\/\" \/>\n<meta property=\"og:locale\" content=\"fr_FR\" \/>\n<meta property=\"og:type\" content=\"article\" \/>\n<meta property=\"og:title\" content=\"Request a Quote - CBAM Training | Carbon Complete\" \/>\n<meta property=\"og:description\" content=\"Request a quote for alternative training options of our Carbon Border Adjustment Mechanism (CBAM) Training.\" \/>\n<meta property=\"og:url\" content=\"https:\/\/carboncomplete.com\/fr\/demander-un-devis-formation-cbam\/\" \/>\n<meta property=\"og:site_name\" content=\"Carbon Complete\" \/>\n<meta property=\"article:modified_time\" content=\"2025-10-28T12:44:29+00:00\" \/>\n<meta name=\"twitter:card\" content=\"summary_large_image\" \/>\n<meta name=\"twitter:label1\" content=\"Dur\u00e9e de lecture estim\u00e9e\" \/>\n\t<meta name=\"twitter:data1\" content=\"1 minute\" \/>\n<script type=\"application\/ld+json\" class=\"yoast-schema-graph\">{\"@context\":\"https:\\\/\\\/schema.org\",\"@graph\":[{\"@type\":\"WebPage\",\"@id\":\"https:\\\/\\\/carboncomplete.com\\\/request-a-quote-cbam-training\\\/\",\"url\":\"https:\\\/\\\/carboncomplete.com\\\/request-a-quote-cbam-training\\\/\",\"name\":\"Request a Quote - CBAM Training | Carbon Complete\",\"isPartOf\":{\"@id\":\"https:\\\/\\\/carboncomplete.com\\\/#website\"},\"datePublished\":\"2024-09-26T12:40:51+00:00\",\"dateModified\":\"2025-10-28T12:44:29+00:00\",\"description\":\"Request a quote for alternative training options of our Carbon Border Adjustment Mechanism (CBAM) Training.\",\"breadcrumb\":{\"@id\":\"https:\\\/\\\/carboncomplete.com\\\/request-a-quote-cbam-training\\\/#breadcrumb\"},\"inLanguage\":\"fr-FR\",\"potentialAction\":[{\"@type\":\"ReadAction\",\"target\":[\"https:\\\/\\\/carboncomplete.com\\\/request-a-quote-cbam-training\\\/\"]}]},{\"@type\":\"BreadcrumbList\",\"@id\":\"https:\\\/\\\/carboncomplete.com\\\/request-a-quote-cbam-training\\\/#breadcrumb\",\"itemListElement\":[{\"@type\":\"ListItem\",\"position\":1,\"name\":\"Home\",\"item\":\"https:\\\/\\\/carboncomplete.com\\\/\"},{\"@type\":\"ListItem\",\"position\":2,\"name\":\"Request a Quote &#8211; CBAM Training\"}]},{\"@type\":\"WebSite\",\"@id\":\"https:\\\/\\\/carboncomplete.com\\\/#website\",\"url\":\"https:\\\/\\\/carboncomplete.com\\\/\",\"name\":\"Carbon Complete\",\"description\":\"CBAM Reporting, Consultancy, and Sustainability Solutions.\",\"publisher\":{\"@id\":\"https:\\\/\\\/carboncomplete.com\\\/#organization\"},\"potentialAction\":[{\"@type\":\"SearchAction\",\"target\":{\"@type\":\"EntryPoint\",\"urlTemplate\":\"https:\\\/\\\/carboncomplete.com\\\/?s={search_term_string}\"},\"query-input\":{\"@type\":\"PropertyValueSpecification\",\"valueRequired\":true,\"valueName\":\"search_term_string\"}}],\"inLanguage\":\"fr-FR\"},{\"@type\":\"Organization\",\"@id\":\"https:\\\/\\\/carboncomplete.com\\\/#organization\",\"name\":\"Carbon Complete\",\"url\":\"https:\\\/\\\/carboncomplete.com\\\/\",\"logo\":{\"@type\":\"ImageObject\",\"inLanguage\":\"fr-FR\",\"@id\":\"https:\\\/\\\/carboncomplete.com\\\/#\\\/schema\\\/logo\\\/image\\\/\",\"url\":\"https:\\\/\\\/carboncomplete.com\\\/wp-content\\\/uploads\\\/2020\\\/02\\\/Asset_23logo-removebg-preview.png\",\"contentUrl\":\"https:\\\/\\\/carboncomplete.com\\\/wp-content\\\/uploads\\\/2020\\\/02\\\/Asset_23logo-removebg-preview.png\",\"width\":495,\"height\":504,\"caption\":\"Carbon Complete\"},\"image\":{\"@id\":\"https:\\\/\\\/carboncomplete.com\\\/#\\\/schema\\\/logo\\\/image\\\/\"}}]}<\/script>\n<!-- \/ Yoast SEO plugin. -->","yoast_head_json":{"title":"Demande de devis - CBAM Training | Carbon Complete","description":"Demandez un devis pour des options de formation alternatives \u00e0 notre formation sur le M\u00e9canisme d'ajustement \u00e0 la fronti\u00e8re pour le carbone (CBAM).","robots":{"index":"index","follow":"follow","max-snippet":"max-snippet:-1","max-image-preview":"max-image-preview:large","max-video-preview":"max-video-preview:-1"},"canonical":"https:\/\/carboncomplete.com\/fr\/demander-un-devis-formation-cbam\/","og_locale":"fr_FR","og_type":"article","og_title":"Request a Quote - CBAM Training | Carbon Complete","og_description":"Request a quote for alternative training options of our Carbon Border Adjustment Mechanism (CBAM) Training.","og_url":"https:\/\/carboncomplete.com\/fr\/demander-un-devis-formation-cbam\/","og_site_name":"Carbon Complete","article_modified_time":"2025-10-28T12:44:29+00:00","twitter_card":"summary_large_image","twitter_misc":{"Dur\u00e9e de lecture estim\u00e9e":"1 minute"},"schema":{"@context":"https:\/\/schema.org","@graph":[{"@type":"WebPage","@id":"https:\/\/carboncomplete.com\/request-a-quote-cbam-training\/","url":"https:\/\/carboncomplete.com\/request-a-quote-cbam-training\/","name":"Demande de devis - CBAM Training | Carbon Complete","isPartOf":{"@id":"https:\/\/carboncomplete.com\/#website"},"datePublished":"2024-09-26T12:40:51+00:00","dateModified":"2025-10-28T12:44:29+00:00","description":"Demandez un devis pour des options de formation alternatives \u00e0 notre formation sur le M\u00e9canisme d'ajustement \u00e0 la fronti\u00e8re pour le carbone (CBAM).","breadcrumb":{"@id":"https:\/\/carboncomplete.com\/request-a-quote-cbam-training\/#breadcrumb"},"inLanguage":"fr-FR","potentialAction":[{"@type":"ReadAction","target":["https:\/\/carboncomplete.com\/request-a-quote-cbam-training\/"]}]},{"@type":"BreadcrumbList","@id":"https:\/\/carboncomplete.com\/request-a-quote-cbam-training\/#breadcrumb","itemListElement":[{"@type":"ListItem","position":1,"name":"Home","item":"https:\/\/carboncomplete.com\/"},{"@type":"ListItem","position":2,"name":"Request a Quote &#8211; CBAM Training"}]},{"@type":"WebSite","@id":"https:\/\/carboncomplete.com\/#website","url":"https:\/\/carboncomplete.com\/","name":"Carbon Complete","description":"CBAM Reporting, Consultancy, and Sustainability Solutions.","publisher":{"@id":"https:\/\/carboncomplete.com\/#organization"},"potentialAction":[{"@type":"SearchAction","target":{"@type":"EntryPoint","urlTemplate":"https:\/\/carboncomplete.com\/?s={search_term_string}"},"query-input":{"@type":"PropertyValueSpecification","valueRequired":true,"valueName":"search_term_string"}}],"inLanguage":"fr-FR"},{"@type":"Organization","@id":"https:\/\/carboncomplete.com\/#organization","name":"Carbon Complete","url":"https:\/\/carboncomplete.com\/","logo":{"@type":"ImageObject","inLanguage":"fr-FR","@id":"https:\/\/carboncomplete.com\/#\/schema\/logo\/image\/","url":"https:\/\/carboncomplete.com\/wp-content\/uploads\/2020\/02\/Asset_23logo-removebg-preview.png","contentUrl":"https:\/\/carboncomplete.com\/wp-content\/uploads\/2020\/02\/Asset_23logo-removebg-preview.png","width":495,"height":504,"caption":"Carbon Complete"},"image":{"@id":"https:\/\/carboncomplete.com\/#\/schema\/logo\/image\/"}}]}},"jetpack_sharing_enabled":true,"_links":{"self":[{"href":"https:\/\/carboncomplete.com\/fr\/wp-json\/wp\/v2\/pages\/5771","targetHints":{"allow":["GET"]}}],"collection":[{"href":"https:\/\/carboncomplete.com\/fr\/wp-json\/wp\/v2\/pages"}],"about":[{"href":"https:\/\/carboncomplete.com\/fr\/wp-json\/wp\/v2\/types\/page"}],"author":[{"embeddable":true,"href":"https:\/\/carboncomplete.com\/fr\/wp-json\/wp\/v2\/users\/1"}],"replies":[{"embeddable":true,"href":"https:\/\/carboncomplete.com\/fr\/wp-json\/wp\/v2\/comments?post=5771"}],"version-history":[{"count":25,"href":"https:\/\/carboncomplete.com\/fr\/wp-json\/wp\/v2\/pages\/5771\/revisions"}],"predecessor-version":[{"id":7757,"href":"https:\/\/carboncomplete.com\/fr\/wp-json\/wp\/v2\/pages\/5771\/revisions\/7757"}],"wp:attachment":[{"href":"https:\/\/carboncomplete.com\/fr\/wp-json\/wp\/v2\/media?parent=5771"}],"curies":[{"name":"wp","href":"https:\/\/api.w.org\/{rel}","templated":true}]}}